{"id":172,"date":"2008-06-16T23:22:27","date_gmt":"2008-06-16T22:22:27","guid":{"rendered":"http:\/\/www.wissel.biz\/wp\/?page_id=172"},"modified":"2021-03-10T12:42:33","modified_gmt":"2021-03-10T11:42:33","slug":"die-regeln","status":"publish","type":"page","link":"http:\/\/www.scheibensucher.de\/wp\/ueber-discgolf\/die-regeln\/","title":{"rendered":"Die Regeln"},"content":{"rendered":"\n<h2 class=\"wp-block-heading\">Generelle Regeln<\/h2>\n\n\n\n<ol class=\"wp-block-list\"><li><strong>Die wichtigste Regel ist die R\u00fccksichtnahme auf Spazierg\u00e4nger, Mitspieler, Tiere, Pflanzen, B\u00e4ume sowie alle Einrichtungen.<\/strong><\/li><li>Alle Spieler einer Gruppe (flight) werfen nacheinander vom Abwurf (tee) mit einer Scheibe in Richtung Zielkorb.<\/li><li><strong>Es darf nur geworfen werden, wenn die Spielbahn (fairway) frei ist. Jeder Spieler hat sich vor seinem Wurf zu vergewissern, dass niemand die Flugbahn seiner Scheibe kreuzen wird.<\/strong><\/li><li>Von dort, wo die Scheibe liegengeblieben ist, wird der n\u00e4chste Wurf ausgef\u00fchrt, selbst wenn die Position ung\u00fcnstig ist. Ein Fu\u00df darf beim Abwurf max. 30 cm hinter der Scheibe sein und der zweite Fu\u00df darf nicht n\u00e4her zum Korb stehen.<\/li><li>Es wirft immer derjenige zuerst, dessen Scheibe am weitesten vom Korb entfernt liegt.<\/li><li>Alle Mitspieler bleiben aus Sicherheitsgr\u00fcnden immer hinter dem Werfenden zur\u00fcck.<\/li><li>Der Spieler mit der geringsten Anzahl an W\u00fcrfen startet bei der n\u00e4chsten Bahn als Erster.<\/li><li>Bei jeder Bahn wird so lange gespielt, bis alle Spieler ihre Scheibe im Korb platziert haben.<\/li><li>Bleibt die Scheibe nach einem Wurf in einer Strafzone (OB, out-of-bounds) liegen, wird das Spiel dort fortgesetzt, wo die Scheibe in die Strafzone eingetreten ist. Zus\u00e4tzlich wird ein Strafwurf (penalty) addiert.<\/li><li>Sieger am Ende einer Runde ist der Spieler, der alle Bahnen zusammen mit den wenigsten W\u00fcrfen gespielt hat.<\/li><\/ol>\n\n\n\n<h2 class=\"wp-block-heading\">Regeln f\u00fcr Speed Disc Golf<\/h2>\n\n\n\n<ul class=\"wp-block-list\"><li>Spiele eine Runde mit den wenigsten W\u00fcrfen und so schnell wie m\u00f6glich.<\/li><li>Die Sicherheit von anderen Parkbenutzern darf NICHT beeintr\u00e4chtigt werden!<\/li><li>Derjenige mit der niedrigsten Netto-Zeit gewinnt.<\/li><li>Benutze so viele Scheiben, wie du tragen m\u00f6chtest.<\/li><\/ul>\n\n\n\n<h3 class=\"wp-block-heading\">Ablauf<\/h3>\n\n\n\n<ul class=\"wp-block-list\"><li>Starte einen Timer vor dem ersten Wurf auf Bahn 1.<\/li><li>Stoppe den Timer nachdem du deinen letzten Putt auf der letzten Bahn gemacht hast.<\/li><\/ul>\n\n\n\n<h3 class=\"wp-block-heading\">Berechung der Netto-Zeit<\/h3>\n\n\n\n<p class=\"wp-block-paragraph\">Die Netto-Zeit berechnet sich wie folgt:<br>Zeit die du zum Absolvieren der Runde ben\u00f6tigt hast + (10 Sekunden pro Wurf \u00fcber Kurspar) &#8211; (10 Sekunden pro Wurf unter Kurspar)<\/p>\n","protected":false},"excerpt":{"rendered":"<p>Generelle Regeln Die wichtigste Regel ist die R\u00fccksichtnahme auf Spazierg\u00e4nger, Mitspieler, Tiere, Pflanzen, B\u00e4ume sowie alle Einrichtungen. Alle Spieler einer Gruppe (flight) werfen nacheinander vom Abwurf (tee) mit einer Scheibe in Richtung Zielkorb. Es darf nur geworfen werden, wenn die Spielbahn (fairway) frei ist. Jeder Spieler hat sich vor seinem Wurf zu vergewissern, dass niemand &hellip; <a href=\"http:\/\/www.scheibensucher.de\/wp\/ueber-discgolf\/die-regeln\/\" class=\"more-link\"><span class=\"screen-reader-text\">Die Regeln<\/span> weiterlesen <span class=\"meta-nav\">&rarr;<\/span><\/a><\/p>\n","protected":false},"author":1,"featured_media":0,"parent":152,"menu_order":0,"comment_status":"closed","ping_status":"open","template":"","meta":{"_eb_attr":"","_crdt_document":"","ngg_post_thumbnail":0,"footnotes":""},"class_list":["post-172","page","type-page","status-publish","hentry"],"yoast_head":"<!-- This site is optimized with the Yoast SEO plugin v27.3 - https:\/\/yoast.com\/product\/yoast-seo-wordpress\/ -->\n<title>Die Regeln - Scheibensucher R\u00fcsselsheim<\/title>\n<meta name=\"robots\" content=\"index, follow, max-snippet:-1, max-image-preview:large, max-video-preview:-1\" \/>\n<link rel=\"canonical\" href=\"http:\/\/www.scheibensucher.de\/wp\/ueber-discgolf\/die-regeln\/\" \/>\n<meta property=\"og:locale\" content=\"de_DE\" \/>\n<meta property=\"og:type\" content=\"article\" \/>\n<meta property=\"og:title\" content=\"Die Regeln - Scheibensucher R\u00fcsselsheim\" \/>\n<meta property=\"og:description\" content=\"Generelle Regeln Die wichtigste Regel ist die R\u00fccksichtnahme auf Spazierg\u00e4nger, Mitspieler, Tiere, Pflanzen, B\u00e4ume sowie alle Einrichtungen. Alle Spieler einer Gruppe (flight) werfen nacheinander vom Abwurf (tee) mit einer Scheibe in Richtung Zielkorb. Es darf nur geworfen werden, wenn die Spielbahn (fairway) frei ist. Jeder Spieler hat sich vor seinem Wurf zu vergewissern, dass niemand &hellip; Die Regeln weiterlesen &rarr;\" \/>\n<meta property=\"og:url\" content=\"http:\/\/www.scheibensucher.de\/wp\/ueber-discgolf\/die-regeln\/\" \/>\n<meta property=\"og:site_name\" content=\"Scheibensucher R\u00fcsselsheim\" \/>\n<meta property=\"article:publisher\" content=\"https:\/\/www.facebook.com\/groups\/scheibensucher\/\" \/>\n<meta property=\"article:modified_time\" content=\"2021-03-10T11:42:33+00:00\" \/>\n<meta name=\"twitter:card\" content=\"summary_large_image\" \/>\n<meta name=\"twitter:label1\" content=\"Gesch\u00e4tzte Lesezeit\" \/>\n\t<meta name=\"twitter:data1\" content=\"2\u00a0Minuten\" \/>\n<script type=\"application\/ld+json\" class=\"yoast-schema-graph\">{\"@context\":\"https:\\\/\\\/schema.org\",\"@graph\":[{\"@type\":\"WebPage\",\"@id\":\"http:\\\/\\\/www.scheibensucher.de\\\/wp\\\/ueber-discgolf\\\/die-regeln\\\/\",\"url\":\"http:\\\/\\\/www.scheibensucher.de\\\/wp\\\/ueber-discgolf\\\/die-regeln\\\/\",\"name\":\"Die Regeln - Scheibensucher R\u00fcsselsheim\",\"isPartOf\":{\"@id\":\"http:\\\/\\\/www.scheibensucher.de\\\/wp\\\/#website\"},\"datePublished\":\"2008-06-16T22:22:27+00:00\",\"dateModified\":\"2021-03-10T11:42:33+00:00\",\"breadcrumb\":{\"@id\":\"http:\\\/\\\/www.scheibensucher.de\\\/wp\\\/ueber-discgolf\\\/die-regeln\\\/#breadcrumb\"},\"inLanguage\":\"de\",\"potentialAction\":[{\"@type\":\"ReadAction\",\"target\":[\"http:\\\/\\\/www.scheibensucher.de\\\/wp\\\/ueber-discgolf\\\/die-regeln\\\/\"]}]},{\"@type\":\"BreadcrumbList\",\"@id\":\"http:\\\/\\\/www.scheibensucher.de\\\/wp\\\/ueber-discgolf\\\/die-regeln\\\/#breadcrumb\",\"itemListElement\":[{\"@type\":\"ListItem\",\"position\":1,\"name\":\"Startseite\",\"item\":\"http:\\\/\\\/www.scheibensucher.de\\\/wp\\\/\"},{\"@type\":\"ListItem\",\"position\":2,\"name\":\"DiscGolf\",\"item\":\"http:\\\/\\\/www.scheibensucher.de\\\/wp\\\/ueber-discgolf\\\/\"},{\"@type\":\"ListItem\",\"position\":3,\"name\":\"Die Regeln\"}]},{\"@type\":\"WebSite\",\"@id\":\"http:\\\/\\\/www.scheibensucher.de\\\/wp\\\/#website\",\"url\":\"http:\\\/\\\/www.scheibensucher.de\\\/wp\\\/\",\"name\":\"Scheibensucher R\u00fcsselsheim\",\"description\":\"\",\"publisher\":{\"@id\":\"http:\\\/\\\/www.scheibensucher.de\\\/wp\\\/#organization\"},\"potentialAction\":[{\"@type\":\"SearchAction\",\"target\":{\"@type\":\"EntryPoint\",\"urlTemplate\":\"http:\\\/\\\/www.scheibensucher.de\\\/wp\\\/?s={search_term_string}\"},\"query-input\":{\"@type\":\"PropertyValueSpecification\",\"valueRequired\":true,\"valueName\":\"search_term_string\"}}],\"inLanguage\":\"de\"},{\"@type\":\"Organization\",\"@id\":\"http:\\\/\\\/www.scheibensucher.de\\\/wp\\\/#organization\",\"name\":\"SV Scheibensucher R\u00fcsselsheim e.V.\",\"url\":\"http:\\\/\\\/www.scheibensucher.de\\\/wp\\\/\",\"logo\":{\"@type\":\"ImageObject\",\"inLanguage\":\"de\",\"@id\":\"http:\\\/\\\/www.scheibensucher.de\\\/wp\\\/#\\\/schema\\\/logo\\\/image\\\/\",\"url\":\"http:\\\/\\\/www.scheibensucher.de\\\/wp\\\/wp-content\\\/uploads\\\/2021\\\/03\\\/scheibensucher-logo.png\",\"contentUrl\":\"http:\\\/\\\/www.scheibensucher.de\\\/wp\\\/wp-content\\\/uploads\\\/2021\\\/03\\\/scheibensucher-logo.png\",\"width\":960,\"height\":960,\"caption\":\"SV Scheibensucher R\u00fcsselsheim e.V.\"},\"image\":{\"@id\":\"http:\\\/\\\/www.scheibensucher.de\\\/wp\\\/#\\\/schema\\\/logo\\\/image\\\/\"},\"sameAs\":[\"https:\\\/\\\/www.facebook.com\\\/groups\\\/scheibensucher\\\/\"]}]}<\/script>\n<!-- \/ Yoast SEO plugin. -->","yoast_head_json":{"title":"Die Regeln - Scheibensucher R\u00fcsselsheim","robots":{"index":"index","follow":"follow","max-snippet":"max-snippet:-1","max-image-preview":"max-image-preview:large","max-video-preview":"max-video-preview:-1"},"canonical":"http:\/\/www.scheibensucher.de\/wp\/ueber-discgolf\/die-regeln\/","og_locale":"de_DE","og_type":"article","og_title":"Die Regeln - Scheibensucher R\u00fcsselsheim","og_description":"Generelle Regeln Die wichtigste Regel ist die R\u00fccksichtnahme auf Spazierg\u00e4nger, Mitspieler, Tiere, Pflanzen, B\u00e4ume sowie alle Einrichtungen. Alle Spieler einer Gruppe (flight) werfen nacheinander vom Abwurf (tee) mit einer Scheibe in Richtung Zielkorb. Es darf nur geworfen werden, wenn die Spielbahn (fairway) frei ist. Jeder Spieler hat sich vor seinem Wurf zu vergewissern, dass niemand &hellip; Die Regeln weiterlesen &rarr;","og_url":"http:\/\/www.scheibensucher.de\/wp\/ueber-discgolf\/die-regeln\/","og_site_name":"Scheibensucher R\u00fcsselsheim","article_publisher":"https:\/\/www.facebook.com\/groups\/scheibensucher\/","article_modified_time":"2021-03-10T11:42:33+00:00","twitter_card":"summary_large_image","twitter_misc":{"Gesch\u00e4tzte Lesezeit":"2\u00a0Minuten"},"schema":{"@context":"https:\/\/schema.org","@graph":[{"@type":"WebPage","@id":"http:\/\/www.scheibensucher.de\/wp\/ueber-discgolf\/die-regeln\/","url":"http:\/\/www.scheibensucher.de\/wp\/ueber-discgolf\/die-regeln\/","name":"Die Regeln - Scheibensucher R\u00fcsselsheim","isPartOf":{"@id":"http:\/\/www.scheibensucher.de\/wp\/#website"},"datePublished":"2008-06-16T22:22:27+00:00","dateModified":"2021-03-10T11:42:33+00:00","breadcrumb":{"@id":"http:\/\/www.scheibensucher.de\/wp\/ueber-discgolf\/die-regeln\/#breadcrumb"},"inLanguage":"de","potentialAction":[{"@type":"ReadAction","target":["http:\/\/www.scheibensucher.de\/wp\/ueber-discgolf\/die-regeln\/"]}]},{"@type":"BreadcrumbList","@id":"http:\/\/www.scheibensucher.de\/wp\/ueber-discgolf\/die-regeln\/#breadcrumb","itemListElement":[{"@type":"ListItem","position":1,"name":"Startseite","item":"http:\/\/www.scheibensucher.de\/wp\/"},{"@type":"ListItem","position":2,"name":"DiscGolf","item":"http:\/\/www.scheibensucher.de\/wp\/ueber-discgolf\/"},{"@type":"ListItem","position":3,"name":"Die Regeln"}]},{"@type":"WebSite","@id":"http:\/\/www.scheibensucher.de\/wp\/#website","url":"http:\/\/www.scheibensucher.de\/wp\/","name":"Scheibensucher R\u00fcsselsheim","description":"","publisher":{"@id":"http:\/\/www.scheibensucher.de\/wp\/#organization"},"potentialAction":[{"@type":"SearchAction","target":{"@type":"EntryPoint","urlTemplate":"http:\/\/www.scheibensucher.de\/wp\/?s={search_term_string}"},"query-input":{"@type":"PropertyValueSpecification","valueRequired":true,"valueName":"search_term_string"}}],"inLanguage":"de"},{"@type":"Organization","@id":"http:\/\/www.scheibensucher.de\/wp\/#organization","name":"SV Scheibensucher R\u00fcsselsheim e.V.","url":"http:\/\/www.scheibensucher.de\/wp\/","logo":{"@type":"ImageObject","inLanguage":"de","@id":"http:\/\/www.scheibensucher.de\/wp\/#\/schema\/logo\/image\/","url":"http:\/\/www.scheibensucher.de\/wp\/wp-content\/uploads\/2021\/03\/scheibensucher-logo.png","contentUrl":"http:\/\/www.scheibensucher.de\/wp\/wp-content\/uploads\/2021\/03\/scheibensucher-logo.png","width":960,"height":960,"caption":"SV Scheibensucher R\u00fcsselsheim e.V."},"image":{"@id":"http:\/\/www.scheibensucher.de\/wp\/#\/schema\/logo\/image\/"},"sameAs":["https:\/\/www.facebook.com\/groups\/scheibensucher\/"]}]}},"_links":{"self":[{"href":"http:\/\/www.scheibensucher.de\/wp\/wp-json\/wp\/v2\/pages\/172","targetHints":{"allow":["GET"]}}],"collection":[{"href":"http:\/\/www.scheibensucher.de\/wp\/wp-json\/wp\/v2\/pages"}],"about":[{"href":"http:\/\/www.scheibensucher.de\/wp\/wp-json\/wp\/v2\/types\/page"}],"author":[{"embeddable":true,"href":"http:\/\/www.scheibensucher.de\/wp\/wp-json\/wp\/v2\/users\/1"}],"replies":[{"embeddable":true,"href":"http:\/\/www.scheibensucher.de\/wp\/wp-json\/wp\/v2\/comments?post=172"}],"version-history":[{"count":2,"href":"http:\/\/www.scheibensucher.de\/wp\/wp-json\/wp\/v2\/pages\/172\/revisions"}],"predecessor-version":[{"id":4869,"href":"http:\/\/www.scheibensucher.de\/wp\/wp-json\/wp\/v2\/pages\/172\/revisions\/4869"}],"up":[{"embeddable":true,"href":"http:\/\/www.scheibensucher.de\/wp\/wp-json\/wp\/v2\/pages\/152"}],"wp:attachment":[{"href":"http:\/\/www.scheibensucher.de\/wp\/wp-json\/wp\/v2\/media?parent=172"}],"curies":[{"name":"wp","href":"https:\/\/api.w.org\/{rel}","templated":true}]}}