{"id":3958,"date":"2018-06-21T20:45:26","date_gmt":"2018-06-21T19:45:26","guid":{"rendered":"http:\/\/www.scheibensucher.de\/wp\/?page_id=3958"},"modified":"2021-03-10T12:42:20","modified_gmt":"2021-03-10T11:42:20","slug":"wsbo-links-rum","status":"publish","type":"page","link":"http:\/\/www.scheibensucher.de\/wp\/turniere\/turniere\/wsbo-links-rum\/","title":{"rendered":"Waldschwimmbad &#8222;Linksrum&#8220;"},"content":{"rendered":"\n<figure class=\"wp-block-image\"><img loading=\"lazy\" decoding=\"async\" width=\"550\" height=\"300\" src=\"http:\/\/www.scheibensucher.de\/wp\/wp-content\/uploads\/2019\/08\/Logo_Vol2z.png\" alt=\"\" class=\"wp-image-4368\" srcset=\"http:\/\/www.scheibensucher.de\/wp\/wp-content\/uploads\/2019\/08\/Logo_Vol2z.png 550w, http:\/\/www.scheibensucher.de\/wp\/wp-content\/uploads\/2019\/08\/Logo_Vol2z-300x164.png 300w\" sizes=\"auto, (max-width: 550px) 100vw, 550px\" \/><\/figure>\n\n\n\n<p class=\"wp-block-paragraph\" style=\"font-size:18px\">Spielformat\/Layout: 2x 18 Bahnen<br>Startpl\u00e4tze\/Players: 72<br><\/p>\n\n\n<p>Am Samstag den 19.10.2019 findet die 2. Auflage der Waldschwimmbad-Links-Rum statt.<\/p>\n<p>ACHTUNG ! Dieses Turnier ist ein NON SMOKING TURNIER ! Vom Zeitpunkt der 2 Minuten Warnung bis zur Abgabe der Scorekarten im Turnierb\u00fcro herrscht w\u00e4hrend der Runde ein Striktes Rauchverbot !<\/p>\n<p>Es wird bei diesem Turnier Verpflegung UND Getr\u00e4nke als Flat Rate f\u00fcr 10 Euro pro Spieler angeboten.<br>Den ganzen Tag Getr\u00e4nke Pauschal nach Wunsch, mittags werden wir Chilli Con Carne und Chilli Sin Carne (F\u00fcr die nicht Fleisch Esser) bereitstellen. Dazu gibt es Baguette und Schmand.<\/p>\n<p>vorl\u00e4ufiger Zeitplan :<br>Samstag : Ab 8:00 Uhr Anmeldung, 8:30 Playersmeeting , 8:45 Tee-Off Runde 1<br>12:45 Mittagspause, ca. 14:00 Tee Off Runde 2 im Waldschwimmbad, 17:00 Auswertung, 17:30 Siegerehrung<\/p>\n<p>Zelten ist f\u00fcr die Spieler auf dem Gel\u00e4nde des WSB kostenfrei m\u00f6glich.<br>Die Startgeb\u00fchr betr\u00e4gt in diesem Jahr 12 Euro (Junioren 1 Euro) incl. 1 Euro Ace Pool.<br>Der Ace Pool wird in jedem Fall ausgesch\u00fcttet.<\/p>\n<p>Packt die Badehose ein\u2026.<br>Wir freuen uns auf Euch.<br>Guido Klein (TD)<br>(Telefon +49 170 5800493)<\/p>\n<p>&nbsp;<\/p>\n<p>International Version<br>On Saturday the 19.10.2019 the 2nd edition of the Waldschwimmbad-Links-Rum takes place.<\/p>\n<p>ATTENTION ! This tournament is a NON SMOKING TOURNAMENT! From the time of the 2-minute warning to the delivery of the score cards in the tournament office there is a strict smoking ban during the round!<\/p>\n<p>At this tournament, food AND drinks will be offered as a flat rate for 10 Euro per player.<br>All-day drinks package on request, at lunchtime we will provide Chilli Con Carne and Chilli Sin Carne (For the non-meat eaters). There is baguette and sour cream.<\/p>\n<p>Temporary Schedule :<br>Saturday: From 8:00 am Registration, 8:30 Players&#8216; Meeting, 8:45 am Tea-Off Round 1, 12:45 Lunch break, approx. 14:00 Tee Off Round 2 in the forest swimming pool, 17:00 evaluation, 17:30 award ceremony<br>Camping is free for the players on the grounds of the WSB.<\/p>\n<p>The entry fee this year is 12 Euro (Juniors 1 Euro) incl. 1 Euro Ace Pool.<br>The Ace pool will be distributed in any case.<\/p>\n<p>Take the swimming trunks &#8230;.<br>We look forward to seeing you.<br>Guido Klein (TD)<br>(Phone +49 170 5800493)<\/p>\n\n\n<p class=\"wp-block-paragraph\" style=\"font-size:18px\">Zeitplan\/Timetable:<br><br>Freitag 18. Oktober 2019<br>Ab 14:00 Uhr freies Training und Anmeldung<br><br>Samstag 19. Oktober 2019<br>Ab 07:30 Uhr Anmeldung<br>08:30 Playersmeeting<br>09:00 Tee-off Runde 1<br>12:30 Mittagspause<br>13:30 Tee-off Runde 2<br>17:30 Siegerehrung<br><br>Infoboard:<br> <a href=\"http:\/\/www.scheibensucher.de\/wp\/wsbl_infos\/\">http:\/\/www.scheibensucher.de\/wp\/wsbl_infos\/<\/a> <br><br> Kursplan und Bahnpl\u00e4ne\/ Map and Teesigns:<br><a href=\"http:\/\/www.scheibensucher.de\/wp\/http:\/www.scheibensucher.de\/wp\/turniervorbereitungen-fuers-wsb-linksrum-laufen\/\">http:\/\/www.scheibensucher.de\/wp\/http:\/www.scheibensucher.de\/wp\/turniervorbereitungen-fuers-wsb-linksrum-laufen\/<\/a> <br><br> Anmeldung und weitere Information\/ Sign in and further information:<br><a href=\"https:\/\/www.german-tour-online.de\/events\/details\/1242\">https:\/\/www.german-tour-online.de\/events\/details\/1242<\/a> <\/p>\n\n\n\n<p class=\"wp-block-paragraph\"><\/p>\n\n\n\n<p class=\"wp-block-paragraph\" style=\"font-size:18px\"><\/p>\n","protected":false},"excerpt":{"rendered":"<p>Spielformat\/Layout: 2x 18 BahnenStartpl\u00e4tze\/Players: 72 Am Samstag den 19.10.2019 findet die 2. Auflage der Waldschwimmbad-Links-Rum statt. ACHTUNG ! Dieses Turnier ist ein NON SMOKING TURNIER ! Vom Zeitpunkt der 2 Minuten Warnung bis zur Abgabe der Scorekarten im Turnierb\u00fcro herrscht w\u00e4hrend der Runde ein Striktes Rauchverbot ! Es wird bei diesem Turnier Verpflegung UND Getr\u00e4nke &hellip; <a href=\"http:\/\/www.scheibensucher.de\/wp\/turniere\/turniere\/wsbo-links-rum\/\" class=\"more-link\"><span class=\"screen-reader-text\">Waldschwimmbad &#8222;Linksrum&#8220;<\/span> weiterlesen <span class=\"meta-nav\">&rarr;<\/span><\/a><\/p>\n","protected":false},"author":109,"featured_media":0,"parent":171,"menu_order":10,"comment_status":"closed","ping_status":"closed","template":"","meta":{"_eb_attr":"","_crdt_document":"","ngg_post_thumbnail":0,"footnotes":""},"class_list":["post-3958","page","type-page","status-publish","hentry"],"yoast_head":"<!-- This site is optimized with the Yoast SEO plugin v27.4 - https:\/\/yoast.com\/product\/yoast-seo-wordpress\/ -->\n<title>Waldschwimmbad &quot;Linksrum&quot; - Scheibensucher R\u00fcsselsheim<\/title>\n<meta name=\"robots\" content=\"index, follow, max-snippet:-1, max-image-preview:large, max-video-preview:-1\" \/>\n<link rel=\"canonical\" href=\"http:\/\/www.scheibensucher.de\/wp\/turniere\/turniere\/wsbo-links-rum\/\" \/>\n<meta property=\"og:locale\" content=\"de_DE\" \/>\n<meta property=\"og:type\" content=\"article\" \/>\n<meta property=\"og:title\" content=\"Waldschwimmbad &quot;Linksrum&quot; - Scheibensucher R\u00fcsselsheim\" \/>\n<meta property=\"og:description\" content=\"Spielformat\/Layout: 2x 18 BahnenStartpl\u00e4tze\/Players: 72 Am Samstag den 19.10.2019 findet die 2. Auflage der Waldschwimmbad-Links-Rum statt. ACHTUNG ! Dieses Turnier ist ein NON SMOKING TURNIER ! Vom Zeitpunkt der 2 Minuten Warnung bis zur Abgabe der Scorekarten im Turnierb\u00fcro herrscht w\u00e4hrend der Runde ein Striktes Rauchverbot ! Es wird bei diesem Turnier Verpflegung UND Getr\u00e4nke &hellip; Waldschwimmbad &#8222;Linksrum&#8220; weiterlesen &rarr;\" \/>\n<meta property=\"og:url\" content=\"http:\/\/www.scheibensucher.de\/wp\/turniere\/turniere\/wsbo-links-rum\/\" \/>\n<meta property=\"og:site_name\" content=\"Scheibensucher R\u00fcsselsheim\" \/>\n<meta property=\"article:publisher\" content=\"https:\/\/www.facebook.com\/groups\/scheibensucher\/\" \/>\n<meta property=\"article:modified_time\" content=\"2021-03-10T11:42:20+00:00\" \/>\n<meta property=\"og:image\" content=\"http:\/\/www.scheibensucher.de\/wp\/wp-content\/uploads\/2019\/08\/Logo_Vol2z.png\" \/>\n<meta name=\"twitter:card\" content=\"summary_large_image\" \/>\n<meta name=\"twitter:label1\" content=\"Gesch\u00e4tzte Lesezeit\" \/>\n\t<meta name=\"twitter:data1\" content=\"2\u00a0Minuten\" \/>\n<script type=\"application\/ld+json\" class=\"yoast-schema-graph\">{\"@context\":\"https:\\\/\\\/schema.org\",\"@graph\":[{\"@type\":\"WebPage\",\"@id\":\"http:\\\/\\\/www.scheibensucher.de\\\/wp\\\/turniere\\\/turniere\\\/wsbo-links-rum\\\/\",\"url\":\"http:\\\/\\\/www.scheibensucher.de\\\/wp\\\/turniere\\\/turniere\\\/wsbo-links-rum\\\/\",\"name\":\"Waldschwimmbad \\\"Linksrum\\\" - Scheibensucher R\u00fcsselsheim\",\"isPartOf\":{\"@id\":\"http:\\\/\\\/www.scheibensucher.de\\\/wp\\\/#website\"},\"primaryImageOfPage\":{\"@id\":\"http:\\\/\\\/www.scheibensucher.de\\\/wp\\\/turniere\\\/turniere\\\/wsbo-links-rum\\\/#primaryimage\"},\"image\":{\"@id\":\"http:\\\/\\\/www.scheibensucher.de\\\/wp\\\/turniere\\\/turniere\\\/wsbo-links-rum\\\/#primaryimage\"},\"thumbnailUrl\":\"http:\\\/\\\/www.scheibensucher.de\\\/wp\\\/wp-content\\\/uploads\\\/2019\\\/08\\\/Logo_Vol2z.png\",\"datePublished\":\"2018-06-21T19:45:26+00:00\",\"dateModified\":\"2021-03-10T11:42:20+00:00\",\"breadcrumb\":{\"@id\":\"http:\\\/\\\/www.scheibensucher.de\\\/wp\\\/turniere\\\/turniere\\\/wsbo-links-rum\\\/#breadcrumb\"},\"inLanguage\":\"de\",\"potentialAction\":[{\"@type\":\"ReadAction\",\"target\":[\"http:\\\/\\\/www.scheibensucher.de\\\/wp\\\/turniere\\\/turniere\\\/wsbo-links-rum\\\/\"]}]},{\"@type\":\"ImageObject\",\"inLanguage\":\"de\",\"@id\":\"http:\\\/\\\/www.scheibensucher.de\\\/wp\\\/turniere\\\/turniere\\\/wsbo-links-rum\\\/#primaryimage\",\"url\":\"http:\\\/\\\/www.scheibensucher.de\\\/wp\\\/wp-content\\\/uploads\\\/2019\\\/08\\\/Logo_Vol2z.png\",\"contentUrl\":\"http:\\\/\\\/www.scheibensucher.de\\\/wp\\\/wp-content\\\/uploads\\\/2019\\\/08\\\/Logo_Vol2z.png\",\"width\":550,\"height\":300},{\"@type\":\"BreadcrumbList\",\"@id\":\"http:\\\/\\\/www.scheibensucher.de\\\/wp\\\/turniere\\\/turniere\\\/wsbo-links-rum\\\/#breadcrumb\",\"itemListElement\":[{\"@type\":\"ListItem\",\"position\":1,\"name\":\"Startseite\",\"item\":\"http:\\\/\\\/www.scheibensucher.de\\\/wp\\\/\"},{\"@type\":\"ListItem\",\"position\":2,\"name\":\"Turniere\",\"item\":\"http:\\\/\\\/www.scheibensucher.de\\\/wp\\\/turniere\\\/\"},{\"@type\":\"ListItem\",\"position\":3,\"name\":\"R\u00fcckblick\",\"item\":\"http:\\\/\\\/www.scheibensucher.de\\\/wp\\\/turniere\\\/turniere\\\/\"},{\"@type\":\"ListItem\",\"position\":4,\"name\":\"Waldschwimmbad &#8222;Linksrum&#8220;\"}]},{\"@type\":\"WebSite\",\"@id\":\"http:\\\/\\\/www.scheibensucher.de\\\/wp\\\/#website\",\"url\":\"http:\\\/\\\/www.scheibensucher.de\\\/wp\\\/\",\"name\":\"Scheibensucher R\u00fcsselsheim\",\"description\":\"\",\"publisher\":{\"@id\":\"http:\\\/\\\/www.scheibensucher.de\\\/wp\\\/#organization\"},\"potentialAction\":[{\"@type\":\"SearchAction\",\"target\":{\"@type\":\"EntryPoint\",\"urlTemplate\":\"http:\\\/\\\/www.scheibensucher.de\\\/wp\\\/?s={search_term_string}\"},\"query-input\":{\"@type\":\"PropertyValueSpecification\",\"valueRequired\":true,\"valueName\":\"search_term_string\"}}],\"inLanguage\":\"de\"},{\"@type\":\"Organization\",\"@id\":\"http:\\\/\\\/www.scheibensucher.de\\\/wp\\\/#organization\",\"name\":\"SV Scheibensucher R\u00fcsselsheim e.V.\",\"url\":\"http:\\\/\\\/www.scheibensucher.de\\\/wp\\\/\",\"logo\":{\"@type\":\"ImageObject\",\"inLanguage\":\"de\",\"@id\":\"http:\\\/\\\/www.scheibensucher.de\\\/wp\\\/#\\\/schema\\\/logo\\\/image\\\/\",\"url\":\"http:\\\/\\\/www.scheibensucher.de\\\/wp\\\/wp-content\\\/uploads\\\/2021\\\/03\\\/scheibensucher-logo.png\",\"contentUrl\":\"http:\\\/\\\/www.scheibensucher.de\\\/wp\\\/wp-content\\\/uploads\\\/2021\\\/03\\\/scheibensucher-logo.png\",\"width\":960,\"height\":960,\"caption\":\"SV Scheibensucher R\u00fcsselsheim e.V.\"},\"image\":{\"@id\":\"http:\\\/\\\/www.scheibensucher.de\\\/wp\\\/#\\\/schema\\\/logo\\\/image\\\/\"},\"sameAs\":[\"https:\\\/\\\/www.facebook.com\\\/groups\\\/scheibensucher\\\/\"]}]}<\/script>\n<!-- \/ Yoast SEO plugin. -->","yoast_head_json":{"title":"Waldschwimmbad \"Linksrum\" - Scheibensucher R\u00fcsselsheim","robots":{"index":"index","follow":"follow","max-snippet":"max-snippet:-1","max-image-preview":"max-image-preview:large","max-video-preview":"max-video-preview:-1"},"canonical":"http:\/\/www.scheibensucher.de\/wp\/turniere\/turniere\/wsbo-links-rum\/","og_locale":"de_DE","og_type":"article","og_title":"Waldschwimmbad \"Linksrum\" - Scheibensucher R\u00fcsselsheim","og_description":"Spielformat\/Layout: 2x 18 BahnenStartpl\u00e4tze\/Players: 72 Am Samstag den 19.10.2019 findet die 2. Auflage der Waldschwimmbad-Links-Rum statt. ACHTUNG ! Dieses Turnier ist ein NON SMOKING TURNIER ! Vom Zeitpunkt der 2 Minuten Warnung bis zur Abgabe der Scorekarten im Turnierb\u00fcro herrscht w\u00e4hrend der Runde ein Striktes Rauchverbot ! Es wird bei diesem Turnier Verpflegung UND Getr\u00e4nke &hellip; Waldschwimmbad &#8222;Linksrum&#8220; weiterlesen &rarr;","og_url":"http:\/\/www.scheibensucher.de\/wp\/turniere\/turniere\/wsbo-links-rum\/","og_site_name":"Scheibensucher R\u00fcsselsheim","article_publisher":"https:\/\/www.facebook.com\/groups\/scheibensucher\/","article_modified_time":"2021-03-10T11:42:20+00:00","og_image":[{"url":"http:\/\/www.scheibensucher.de\/wp\/wp-content\/uploads\/2019\/08\/Logo_Vol2z.png","type":"","width":"","height":""}],"twitter_card":"summary_large_image","twitter_misc":{"Gesch\u00e4tzte Lesezeit":"2\u00a0Minuten"},"schema":{"@context":"https:\/\/schema.org","@graph":[{"@type":"WebPage","@id":"http:\/\/www.scheibensucher.de\/wp\/turniere\/turniere\/wsbo-links-rum\/","url":"http:\/\/www.scheibensucher.de\/wp\/turniere\/turniere\/wsbo-links-rum\/","name":"Waldschwimmbad \"Linksrum\" - Scheibensucher R\u00fcsselsheim","isPartOf":{"@id":"http:\/\/www.scheibensucher.de\/wp\/#website"},"primaryImageOfPage":{"@id":"http:\/\/www.scheibensucher.de\/wp\/turniere\/turniere\/wsbo-links-rum\/#primaryimage"},"image":{"@id":"http:\/\/www.scheibensucher.de\/wp\/turniere\/turniere\/wsbo-links-rum\/#primaryimage"},"thumbnailUrl":"http:\/\/www.scheibensucher.de\/wp\/wp-content\/uploads\/2019\/08\/Logo_Vol2z.png","datePublished":"2018-06-21T19:45:26+00:00","dateModified":"2021-03-10T11:42:20+00:00","breadcrumb":{"@id":"http:\/\/www.scheibensucher.de\/wp\/turniere\/turniere\/wsbo-links-rum\/#breadcrumb"},"inLanguage":"de","potentialAction":[{"@type":"ReadAction","target":["http:\/\/www.scheibensucher.de\/wp\/turniere\/turniere\/wsbo-links-rum\/"]}]},{"@type":"ImageObject","inLanguage":"de","@id":"http:\/\/www.scheibensucher.de\/wp\/turniere\/turniere\/wsbo-links-rum\/#primaryimage","url":"http:\/\/www.scheibensucher.de\/wp\/wp-content\/uploads\/2019\/08\/Logo_Vol2z.png","contentUrl":"http:\/\/www.scheibensucher.de\/wp\/wp-content\/uploads\/2019\/08\/Logo_Vol2z.png","width":550,"height":300},{"@type":"BreadcrumbList","@id":"http:\/\/www.scheibensucher.de\/wp\/turniere\/turniere\/wsbo-links-rum\/#breadcrumb","itemListElement":[{"@type":"ListItem","position":1,"name":"Startseite","item":"http:\/\/www.scheibensucher.de\/wp\/"},{"@type":"ListItem","position":2,"name":"Turniere","item":"http:\/\/www.scheibensucher.de\/wp\/turniere\/"},{"@type":"ListItem","position":3,"name":"R\u00fcckblick","item":"http:\/\/www.scheibensucher.de\/wp\/turniere\/turniere\/"},{"@type":"ListItem","position":4,"name":"Waldschwimmbad &#8222;Linksrum&#8220;"}]},{"@type":"WebSite","@id":"http:\/\/www.scheibensucher.de\/wp\/#website","url":"http:\/\/www.scheibensucher.de\/wp\/","name":"Scheibensucher R\u00fcsselsheim","description":"","publisher":{"@id":"http:\/\/www.scheibensucher.de\/wp\/#organization"},"potentialAction":[{"@type":"SearchAction","target":{"@type":"EntryPoint","urlTemplate":"http:\/\/www.scheibensucher.de\/wp\/?s={search_term_string}"},"query-input":{"@type":"PropertyValueSpecification","valueRequired":true,"valueName":"search_term_string"}}],"inLanguage":"de"},{"@type":"Organization","@id":"http:\/\/www.scheibensucher.de\/wp\/#organization","name":"SV Scheibensucher R\u00fcsselsheim e.V.","url":"http:\/\/www.scheibensucher.de\/wp\/","logo":{"@type":"ImageObject","inLanguage":"de","@id":"http:\/\/www.scheibensucher.de\/wp\/#\/schema\/logo\/image\/","url":"http:\/\/www.scheibensucher.de\/wp\/wp-content\/uploads\/2021\/03\/scheibensucher-logo.png","contentUrl":"http:\/\/www.scheibensucher.de\/wp\/wp-content\/uploads\/2021\/03\/scheibensucher-logo.png","width":960,"height":960,"caption":"SV Scheibensucher R\u00fcsselsheim e.V."},"image":{"@id":"http:\/\/www.scheibensucher.de\/wp\/#\/schema\/logo\/image\/"},"sameAs":["https:\/\/www.facebook.com\/groups\/scheibensucher\/"]}]}},"_links":{"self":[{"href":"http:\/\/www.scheibensucher.de\/wp\/wp-json\/wp\/v2\/pages\/3958","targetHints":{"allow":["GET"]}}],"collection":[{"href":"http:\/\/www.scheibensucher.de\/wp\/wp-json\/wp\/v2\/pages"}],"about":[{"href":"http:\/\/www.scheibensucher.de\/wp\/wp-json\/wp\/v2\/types\/page"}],"author":[{"embeddable":true,"href":"http:\/\/www.scheibensucher.de\/wp\/wp-json\/wp\/v2\/users\/109"}],"replies":[{"embeddable":true,"href":"http:\/\/www.scheibensucher.de\/wp\/wp-json\/wp\/v2\/comments?post=3958"}],"version-history":[{"count":29,"href":"http:\/\/www.scheibensucher.de\/wp\/wp-json\/wp\/v2\/pages\/3958\/revisions"}],"predecessor-version":[{"id":4741,"href":"http:\/\/www.scheibensucher.de\/wp\/wp-json\/wp\/v2\/pages\/3958\/revisions\/4741"}],"up":[{"embeddable":true,"href":"http:\/\/www.scheibensucher.de\/wp\/wp-json\/wp\/v2\/pages\/171"}],"wp:attachment":[{"href":"http:\/\/www.scheibensucher.de\/wp\/wp-json\/wp\/v2\/media?parent=3958"}],"curies":[{"name":"wp","href":"https:\/\/api.w.org\/{rel}","templated":true}]}}